{"id":219,"date":"2022-06-25T07:18:27","date_gmt":"2022-06-25T07:18:27","guid":{"rendered":"https:\/\/drawingconversations.uqam.ca\/?page_id=219"},"modified":"2022-08-23T10:40:14","modified_gmt":"2022-08-23T10:40:14","slug":"endessin","status":"publish","type":"page","link":"https:\/\/drawingconversations.uqam.ca\/fr\/endessin\/","title":{"rendered":"Colloque -en dessin"},"content":{"rendered":"<p>15-16 septembre 2022, Centre de design, Montr\u00e9al<br \/>\nConf\u00e9rence d&rsquo;ouverture et inauguration, 14 septembre 17h<\/p>\n<p class=\"\"><span style=\"font-size: 11pt;\">Le dessin fait partie int\u00e9grante des pratiques de l&rsquo;architecture et du design. C&rsquo;est un outil central avec lequel les concepteurs d\u00e9veloppent leurs id\u00e9es, traduisent le projet du con\u00e7u vers le construit et communiquent avec leurs coll\u00e8gues et clients. Dessin\u00e9s \u00e0 la main ou \u00e0 l&rsquo;aide d&rsquo;outils informatiques, les dessins sont avant tout la repr\u00e9sentation d&rsquo;une intention, celle qui nous projette vers un avenir que nous souhaitons atteindre collectivement. Mais au-del\u00e0 des dessins destin\u00e9s \u00e0 l&rsquo;\u00e9laboration, la communication et la r\u00e9alisation d&rsquo;un projet donn\u00e9, une pratique du dessin est une manifestation de l&rsquo;acte de dessiner en tant que moyen de r\u00e9fl\u00e9chir \u00e0 des intentions, visions, d\u00e9sirs et possibilit\u00e9s en dehors de la pratique professionnelle. Une pratique du dessin explore, teste, valide et provoque des id\u00e9es. Elle \u00e9voque et r\u00e9fl\u00e9chit sur les conditions sociales et mat\u00e9rielles qu\u2019elle explore.<\/span><\/p>\n<p class=\"\"><span style=\"font-size: 11pt;\">Ce colloque vise \u00e0 explorer les pratiques critiques et r\u00e9flexives du dessin dans les champs du design. Nous nous int\u00e9ressons \u00e0 la mani\u00e8re dont l&rsquo;acte de dessiner organise et structure le temps et l&rsquo;espace &#8211; le sien et celui de son sujet &#8211; et aux conditions mat\u00e9rielles que le dessin rend tangibles comme \u00e0 celles qui le rendent possible. En positionnant le dessin de cette mani\u00e8re, nous cherchons \u00e0 le mettre de l&rsquo;avant comme une pratique de la curiosit\u00e9, du questionnement, de l&rsquo;enqu\u00eate, de l&rsquo;investigation et de la d\u00e9couverte, ainsi qu&rsquo;une pratique correspondante et analogue \u00e0 la rencontre, la conversation, le dialogue et l&rsquo;\u00e9change. <strong>-en dessin<\/strong> s&rsquo;int\u00e9ressera \u00e0 l&rsquo;esth\u00e9tique (spatiale, temporelle et mat\u00e9rielle) ains qu&rsquo;\u00e0 l&rsquo;\u00e9thique du dessin (enqu\u00eater et donner un sens commun) dans quatre dimensions principales : dans le temps, dans l&rsquo;enqu\u00eate, dans le dialogue et dans la mat\u00e9rialit\u00e9.<\/span><\/p>\n<p>&nbsp;<\/p>\n","protected":false},"excerpt":{"rendered":"<p>15-16 septembre 2022, Centre de design, Montr\u00e9al Conf\u00e9rence d&rsquo;ouverture et inauguration, 14 septembre 17h Le dessin fait partie int\u00e9grante des pratiques de l&rsquo;architecture et du design. C&rsquo;est un outil central avec lequel les concepteurs d\u00e9veloppent leurs id\u00e9es, traduisent le projet du con\u00e7u vers le construit et communiquent avec leurs coll\u00e8gues et clients. Dessin\u00e9s \u00e0 la [&hellip;]<\/p>\n","protected":false},"author":6,"featured_media":0,"parent":0,"menu_order":0,"comment_status":"closed","ping_status":"closed","template":"page-large-header","meta":{"footnotes":""},"class_list":["post-219","page","type-page","status-publish","hentry"],"_links":{"self":[{"href":"https:\/\/drawingconversations.uqam.ca\/fr\/wp-json\/wp\/v2\/pages\/219","targetHints":{"allow":["GET"]}}],"collection":[{"href":"https:\/\/drawingconversations.uqam.ca\/fr\/wp-json\/wp\/v2\/pages"}],"about":[{"href":"https:\/\/drawingconversations.uqam.ca\/fr\/wp-json\/wp\/v2\/types\/page"}],"author":[{"embeddable":true,"href":"https:\/\/drawingconversations.uqam.ca\/fr\/wp-json\/wp\/v2\/users\/6"}],"replies":[{"embeddable":true,"href":"https:\/\/drawingconversations.uqam.ca\/fr\/wp-json\/wp\/v2\/comments?post=219"}],"version-history":[{"count":41,"href":"https:\/\/drawingconversations.uqam.ca\/fr\/wp-json\/wp\/v2\/pages\/219\/revisions"}],"predecessor-version":[{"id":728,"href":"https:\/\/drawingconversations.uqam.ca\/fr\/wp-json\/wp\/v2\/pages\/219\/revisions\/728"}],"wp:attachment":[{"href":"https:\/\/drawingconversations.uqam.ca\/fr\/wp-json\/wp\/v2\/media?parent=219"}],"curies":[{"name":"wp","href":"https:\/\/api.w.org\/{rel}","templated":true}]}}