{"id":279,"date":"2022-06-25T12:31:00","date_gmt":"2022-06-25T12:31:00","guid":{"rendered":"https:\/\/drawingconversations.uqam.ca\/?page_id=279"},"modified":"2022-07-08T19:35:48","modified_gmt":"2022-07-08T19:35:48","slug":"info","status":"publish","type":"page","link":"https:\/\/drawingconversations.uqam.ca\/fr\/info\/","title":{"rendered":"Info"},"content":{"rendered":"<h3>\u00c0 propos de Montr\u00e9al<\/h3>\n<p>Montr\u00e9al est la deuxi\u00e8me plus grande ville au Canada et la plus grande ville francophone d\u2019Am\u00e9rique du nord. L\u2019anglais est cependant couramment parl\u00e9 par les Montr\u00e9alais, surtout au centre-ville ou aux alentours.<br \/>\nLa temp\u00e9rature est plut\u00f4t cl\u00e9mente en septembre, confortable pendant la journ\u00e9e (20-25 celcius) et plus fra\u00eeche la nuit (12-15 celcius).<\/p>\n<p>Choses \u00e0 faire \/ \u00e0 voir\u00a0:<\/p>\n<p><a href=\"https:\/\/www.mtl.org\/en\">https:\/\/www.mtl.org\/en<\/a><br \/>\n<a href=\"https:\/\/www.bonjourquebec.com\/en-ca\/where-to-go\/regions-of-quebec\/montreal\">https:\/\/www.bonjourquebec.com\/en-ca\/where-to-go\/regions-of-quebec\/montreal<\/a><\/p>\n<h3>\u00c0 propos de l\u2019\u00c9cole de design<\/h3>\n<p>L\u2019\u00c9cole de design fait partie de l\u2019Universit\u00e9 du Qu\u00e9bec \u00e0 Montr\u00e9al et c\u00e9l\u00e9brera bient\u00f4t ses 50 ans. Le design de l\u2019environnement et le design graphique y sont enseign\u00e9s, au baccalaur\u00e9at et aux \u00e9tudes sup\u00e9rieures. Le Centre de design, localis\u00e9 au rez-de-chauss\u00e9e de l\u2019\u00c9cole, est un centre de diffusion reconnu pour ses expositions qui embrassent toutes les sph\u00e8res du design.<\/p>\n<p>En plein c\u0153ur du Quartier Latin de Montr\u00e9al, l\u2019\u00c9cole de design\u00a0 est \u00e0 proximit\u00e9 du Vieux-Port de Montr\u00e9al, du Quartier des spectacles et du Plateau Mont-Royal.<\/p>\n<h3>Acc\u00e8s<\/h3>\n<p>L\u2019\u00c9cole de design est situ\u00e9e au 1440 rue Sanguinet<\/p>\n<ul>\n<li>En m\u00e9tro<br \/>\nL\u2019\u00c9cole de design est situ\u00e9e pr\u00e8s de la station Berri-UQAM. Il suffit de suivre les indications pour UQAM, pavillon DE, ou suivre la sortie St-Denis, prendre \u00e0 gauche sur Maisonneuve et \u00e0 gauche encore sur Sanguinet.L\u2019information concernant les tarifs et horaires du m\u00e9tro se trouvent ici : www.stm.info<\/li>\n<li>De l&rsquo;a\u00e9roport<br \/>\nL\u2019a\u00e9roport Montr\u00e9al-Trudeau est situ\u00e9 \u00e0 Dorval, \u00e0 environ 20 minutes du centre-ville. Quelques alternatives sont offertes :Autobus 747\/Centre-ville (trajet d\u2019environ 45 mins, 10CAD) Descendre \u00e0 Berri-UQAM<br \/>\nhttps:\/\/www.stm.info\/fr\/infos\/titres-et-tarifs\/titres-de-transport\/aeroport-p-e-trudeau-747Taxis (trajet d\u2019environ 20 mins, 41CAD)<\/li>\n<li>En voiture<br \/>\nUn stationnement souterrain est situ\u00e9 tout juste devant l\u2019\u00c9cole, rue Sanguinet \u00e0 14CAD\/jour.<br \/>\nD\u2019autres stationnements payants se trouvent \u00e0 proximit\u00e9, ou alors le stationnement sur rue.Des bornes de recharge pour voitures \u00e9lectriques sont disponibles sur rue, du c\u00f4t\u00e9 nord de l\u2019\u00c9cole de design, sur la rue de Boisbriand<\/li>\n<\/ul>\n<h3>H\u00e9bergement<\/h3>\n<p>Il y a plusieurs h\u00f4tels \u00e0 proximit\u00e9 de l\u2019\u00c9cole.<br \/>\nNous avons cependant convenu d\u2019un prix pr\u00e9f\u00e9rentiel \u00e0 150CAD\/nuit avec l\u2019H\u00f4tel Z\u00e9ro 1, au 1, blvd Ren\u00e9-L\u00e9vesque E. Pour faire une r\u00e9servation, suivez le lien suivant : <a href=\"https:\/\/reservations.travelclick.com\/77400?groupID=3559181\">https:\/\/reservations.travelclick.com\/77400?groupID=3559181<\/a><br \/>\nCe taux pr\u00e9f\u00e9rentiel est disponible pour les r\u00e9servations faites avant le 1<sup>er<\/sup> ao\u00fbt. Le prix d\u2019une chambre simple risque d\u2019\u00eatre plus \u00e9lev\u00e9 pour les r\u00e9servations tardives.<\/p>\n<p>&nbsp;<\/p>\n","protected":false},"excerpt":{"rendered":"<p>\u00c0 propos de Montr\u00e9al Montr\u00e9al est la deuxi\u00e8me plus grande ville au Canada et la plus grande ville francophone d\u2019Am\u00e9rique du nord. L\u2019anglais est cependant couramment parl\u00e9 par les Montr\u00e9alais, surtout au centre-ville ou aux alentours. La temp\u00e9rature est plut\u00f4t cl\u00e9mente en septembre, confortable pendant la journ\u00e9e (20-25 celcius) et plus fra\u00eeche la nuit (12-15 [&hellip;]<\/p>\n","protected":false},"author":6,"featured_media":0,"parent":0,"menu_order":0,"comment_status":"closed","ping_status":"closed","template":"","meta":{"footnotes":""},"class_list":["post-279","page","type-page","status-publish","hentry"],"_links":{"self":[{"href":"https:\/\/drawingconversations.uqam.ca\/fr\/wp-json\/wp\/v2\/pages\/279","targetHints":{"allow":["GET"]}}],"collection":[{"href":"https:\/\/drawingconversations.uqam.ca\/fr\/wp-json\/wp\/v2\/pages"}],"about":[{"href":"https:\/\/drawingconversations.uqam.ca\/fr\/wp-json\/wp\/v2\/types\/page"}],"author":[{"embeddable":true,"href":"https:\/\/drawingconversations.uqam.ca\/fr\/wp-json\/wp\/v2\/users\/6"}],"replies":[{"embeddable":true,"href":"https:\/\/drawingconversations.uqam.ca\/fr\/wp-json\/wp\/v2\/comments?post=279"}],"version-history":[{"count":36,"href":"https:\/\/drawingconversations.uqam.ca\/fr\/wp-json\/wp\/v2\/pages\/279\/revisions"}],"predecessor-version":[{"id":630,"href":"https:\/\/drawingconversations.uqam.ca\/fr\/wp-json\/wp\/v2\/pages\/279\/revisions\/630"}],"wp:attachment":[{"href":"https:\/\/drawingconversations.uqam.ca\/fr\/wp-json\/wp\/v2\/media?parent=279"}],"curies":[{"name":"wp","href":"https:\/\/api.w.org\/{rel}","templated":true}]}}