{"id":283,"date":"2022-06-25T12:33:20","date_gmt":"2022-06-25T12:33:20","guid":{"rendered":"https:\/\/drawingconversations.uqam.ca\/?page_id=283"},"modified":"2022-07-09T11:22:37","modified_gmt":"2022-07-09T11:22:37","slug":"exhibition","status":"publish","type":"page","link":"https:\/\/drawingconversations.uqam.ca\/fr\/exhibition\/","title":{"rendered":"Exposition"},"content":{"rendered":"<h2>Exposition<\/h2>\n<p><strong>Le Centre de design pr\u00e9sente <em>Autour du dessin<\/em><\/strong><\/p>\n<p><strong>Dates : <\/strong>15 septembre au 6 novembre 2022<br \/>\n<strong>Vernissage :<\/strong> 14 septembre 2022<br \/>\n<strong>Commissaires :<\/strong>\u00a0 Carole L\u00e9vesque et Thomas-Bernard Kenniff<\/p>\n<p><em>Autour du dessin<\/em> est une invitation \u00e0 parler du dessin, par le dessin. Pr\u00e9sent\u00e9e au Centre de design de l\u2019UQAM, cette exposition rassemble le travail de 16 architectes et universitaires dans un \u00e9change sur les pratiques contemporaines du dessin en architecture. Cette exposition nous am\u00e8ne \u00e0 consid\u00e9rer le dessin au-del\u00e0 de ses qualit\u00e9s d\u2019objet graphique pour entrevoir la conversation ouverte qu\u2019il met en place, un dialogue tout aussi individuel, avec soi-m\u00eame en tant que praticien, que collectif, avec d\u2019autres dessins, d\u2019autres personnes et pratiques.<\/p>\n<p>\u00c0 la fois ancr\u00e9 dans le monde r\u00e9el et dans un monde en devenir, chaque dessin, chaque conversation est l\u2019occasion d\u2019explorer diff\u00e9rentes techniques, de tracer des mondes possibles, de jouer sur les mots, de se lancer sur des fabulations fantastiques, de proc\u00e9der \u00e0 des \u00e9changes po\u00e9tiques autour du monde, autour de la pratique du dessin, autour de l\u2019architecture, autour de celles et ceux qui dessinent.<\/p>\n<p>L\u2019exposition trouve son origine dans la rencontre entre les commissaires, Carole L\u00e9vesque et Thomas-Bernard Kenniff et le projet de recherche <em>Drawing Architecture<\/em> initie\u0301 par Riet Eeckhout et Arnaud Hendrickx de l\u2019universit\u00e9 KU Leuven en Belgique. Ce projet a permis d\u2019organiser des rencontres biannuelles d\u2019un collectif form\u00e9 de praticiens internationaux de renom en leur offrant l\u2019occasion de discuter de leur pratique de dessin. En premi\u00e8re mondiale, l\u2019exposition <em>Autour du dessin<\/em> propose un temps d\u2019arr\u00eat sur ces rencontres afin de mettre de l\u2019avant cette interrogation collective par l\u2019entremise de ces dessins mis en conversation. L\u2019exposition \u00e9largit ces rencontres en misant sur la capacite\u0301 de la pratique du dessin a\u0300 engager une r\u00e9flexion sur les modes de repr\u00e9sentation, les champs de recherche et de pratique du design et le r\u00f4le de cette r\u00e9flexion dans l\u2019\u00e9dification d\u2019un monde commun. Misant sur l\u2019exercice collectif d\u2019interrogation, elle se d\u00e9veloppe autour de la pratique du dessin comme un m\u00e9canisme d\u2019interaction.<\/p>\n<p>&nbsp;<\/p>\n","protected":false},"excerpt":{"rendered":"<p>Exposition Le Centre de design pr\u00e9sente Autour du dessin Dates : 15 septembre au 6 novembre 2022 Vernissage : 14 septembre 2022 Commissaires :\u00a0 Carole L\u00e9vesque et Thomas-Bernard Kenniff Autour du dessin est une invitation \u00e0 parler du dessin, par le dessin. Pr\u00e9sent\u00e9e au Centre de design de l\u2019UQAM, cette exposition rassemble le travail de [&hellip;]<\/p>\n","protected":false},"author":6,"featured_media":0,"parent":0,"menu_order":0,"comment_status":"closed","ping_status":"closed","template":"","meta":{"footnotes":""},"class_list":["post-283","page","type-page","status-publish","hentry"],"_links":{"self":[{"href":"https:\/\/drawingconversations.uqam.ca\/fr\/wp-json\/wp\/v2\/pages\/283","targetHints":{"allow":["GET"]}}],"collection":[{"href":"https:\/\/drawingconversations.uqam.ca\/fr\/wp-json\/wp\/v2\/pages"}],"about":[{"href":"https:\/\/drawingconversations.uqam.ca\/fr\/wp-json\/wp\/v2\/types\/page"}],"author":[{"embeddable":true,"href":"https:\/\/drawingconversations.uqam.ca\/fr\/wp-json\/wp\/v2\/users\/6"}],"replies":[{"embeddable":true,"href":"https:\/\/drawingconversations.uqam.ca\/fr\/wp-json\/wp\/v2\/comments?post=283"}],"version-history":[{"count":9,"href":"https:\/\/drawingconversations.uqam.ca\/fr\/wp-json\/wp\/v2\/pages\/283\/revisions"}],"predecessor-version":[{"id":684,"href":"https:\/\/drawingconversations.uqam.ca\/fr\/wp-json\/wp\/v2\/pages\/283\/revisions\/684"}],"wp:attachment":[{"href":"https:\/\/drawingconversations.uqam.ca\/fr\/wp-json\/wp\/v2\/media?parent=283"}],"curies":[{"name":"wp","href":"https:\/\/api.w.org\/{rel}","templated":true}]}}